{"id":1205,"date":"2023-01-28T19:23:04","date_gmt":"2023-01-28T18:23:04","guid":{"rendered":"https:\/\/www.ptg-gruppe.de\/?page_id=1205"},"modified":"2025-02-04T14:18:53","modified_gmt":"2025-02-04T13:18:53","slug":"karriere","status":"publish","type":"page","link":"https:\/\/www.ptg-gruppe.de\/en\/karriere\/","title":{"rendered":"Karriere"},"content":{"rendered":"<p>[vc_row][vc_column][vc_column_text]<\/p>\n<div class=\"wp-block-image\">\n<figure class=\"aligncenter size-large is-resized\">\n<h4><span style=\"color: #999999;\"><strong>Die in Hessen mit 2 Standorten ans\u00e4ssige, inhabergef\u00fchrte PTG GRUPPE ist mit \u00fcber 250 Mitarbeitern europaweit t\u00e4tig und einer der marktf\u00fchrenden Verpackungs- und Abf\u00fclldienstleister in Deutschland.<\/strong><\/span><\/h4>\n<p>&nbsp;<\/p>\n<h4><span style=\"color: #999999;\"><strong>Wir suchen zum n\u00e4chstm\u00f6glichen Termin engagierte einen Mitarbeiter (m\/w\/d) f\u00fcr unser Werk in Rodgau, der gemeinsam mit uns Gro\u00dfes bewegen will:<\/strong><\/span><\/h4>\n<h5><strong><br \/>PTG Lohnabf\u00fcllung GmbH<\/strong><br \/><strong><span style=\"letter-spacing: 0px;\">Elisabeth-Selbert-Stra\u00dfe 4<br \/><\/span><span style=\"letter-spacing: 0px;\">63110\u00a0 Rodgau<\/span><\/strong><span style=\"letter-spacing: 0px;\"><br \/><\/span><\/h5>\n<p>&nbsp;<\/p>\n<\/figure>\n<h3><strong>Derzeit offene Stellenanzeigen:<\/strong><\/h3>\n<\/div>\n<h4><a href=\"https:\/\/www.ptg-gruppe.de\/wp-content\/uploads\/Vertrieb-01_2025.pdf\">Sachbearbeiter Vertrieb Innendienst (m\/w\/d)<\/a><\/h4>\n<h4><a href=\"https:\/\/www.ptg-gruppe.de\/wp-content\/uploads\/MA-QS-Jan-2025.pdf\">Mitarbeiter Qualit\u00e4tssicherung (m\/w\/d)<\/a><\/h4>\n<h4><a href=\"https:\/\/www.ptg-gruppe.de\/wp-content\/uploads\/MA-QK-Jan-2025.pdf\">Mitarbeiter Qualit\u00e4tskontrolle (m\/w\/d)<\/a><\/h4>\n<h4 style=\"text-align: left;\"><a style=\"letter-spacing: 0px;\" href=\"https:\/\/www.ptg-gruppe.de\/wp-content\/uploads\/Produktionshelfer-2025.pdf\">Mitarbeiter als Produktionshelfer (m\/w\/d)<\/a><\/h4>\n<h4 style=\"text-align: left;\"><a style=\"letter-spacing: 0px;\" href=\"https:\/\/www.ptg-gruppe.de\/wp-content\/uploads\/Techniker-04_2023.pdf\">Mitarbeiter als Industriemechaniker Mechatroniker (m\/w\/d)<\/a><\/h4>\n<h4 style=\"text-align: left;\">\u00a0<\/h4>\n<p>&nbsp;<\/p>\n<h5 style=\"text-align: left;\"><span style=\"letter-spacing: 0px; color: #999999;\"><strong>Senden Sie bitte Ihre aussagef\u00e4higen Bewerbungsunterlagen &amp; Lebenslauf an:<\/strong> <a style=\"color: #999999;\" href=\"mailto:info@ptg-lohnabfuellung.de\">info@ptg-lohnabfuellung.de<\/a><\/span><\/h5>\n<div class=\"wp-block-image\">\n<figure class=\"aligncenter size-large is-resized\">\n<h6 style=\"text-align: left;\">\u00a0<\/h6>\n<\/figure>\n<\/div>\n\n<p>&nbsp;<\/p>\n<p>[\/vc_column_text][\/vc_column][\/vc_row]<\/p>\n","protected":false},"excerpt":{"rendered":"<p>[vc_row][vc_column][vc_column_text] &nbsp; [\/vc_column_text][\/vc_column][\/vc_row]<\/p>\n","protected":false},"author":2,"featured_media":0,"parent":0,"menu_order":0,"comment_status":"closed","ping_status":"closed","template":"","meta":[],"translation":{"provider":"WPGlobus","version":"3.0.1","language":"en","enabled_languages":["de","en"],"languages":{"de":{"title":true,"content":true,"excerpt":false},"en":{"title":false,"content":false,"excerpt":false}}},"_links":{"self":[{"href":"https:\/\/www.ptg-gruppe.de\/en\/wp-json\/wp\/v2\/pages\/1205"}],"collection":[{"href":"https:\/\/www.ptg-gruppe.de\/en\/wp-json\/wp\/v2\/pages"}],"about":[{"href":"https:\/\/www.ptg-gruppe.de\/en\/wp-json\/wp\/v2\/types\/page"}],"author":[{"embeddable":true,"href":"https:\/\/www.ptg-gruppe.de\/en\/wp-json\/wp\/v2\/users\/2"}],"replies":[{"embeddable":true,"href":"https:\/\/www.ptg-gruppe.de\/en\/wp-json\/wp\/v2\/comments?post=1205"}],"version-history":[{"count":35,"href":"https:\/\/www.ptg-gruppe.de\/en\/wp-json\/wp\/v2\/pages\/1205\/revisions"}],"predecessor-version":[{"id":1507,"href":"https:\/\/www.ptg-gruppe.de\/en\/wp-json\/wp\/v2\/pages\/1205\/revisions\/1507"}],"wp:attachment":[{"href":"https:\/\/www.ptg-gruppe.de\/en\/wp-json\/wp\/v2\/media?parent=1205"}],"curies":[{"name":"wp","href":"https:\/\/api.w.org\/{rel}","templated":true}]}}